{"id":60,"date":"2016-11-30T11:48:28","date_gmt":"2016-11-30T10:48:28","guid":{"rendered":"http:\/\/www.fussl.shop\/geschenkkarte\/?page_id=60"},"modified":"2026-01-07T14:11:41","modified_gmt":"2026-01-07T13:11:41","slug":"geschenkkarten","status":"publish","type":"page","link":"https:\/\/www.fussl.shop\/geschenkkarte\/","title":{"rendered":""},"content":{"rendered":"\n<p><\/p>\n\n\n\n<h4 class=\"wp-block-heading\">Schenken Sie Freude mit der FUSSL GESCHENKKARTE<\/h4>\n\n\n\n<p><\/p>\n\n\n<h5><strong>Schenken war noch nie so einfach!<\/strong><\/h5>\n<p><strong>Sie k\u00f6nnen aus unseren Motiven w\u00e4hlen oder ganz einfach Ihre pers\u00f6nliche Geschenkkarte designen.<\/strong><\/p>\n<p>Gutscheinbetrag w\u00e4hlbar zwischen 20\u20ac und 500\u20ac. Sie erhalten Ihre Bestellung innerhalb 3-4 Werktagen <strong>nach<\/strong> Zahlungseingang per Post.<br \/>Die Fussl Geschenkkarten k\u00f6nnen in allen Filialen der Fussl Modestra\u00dfe in \u00d6sterreich und Deutschland eingel\u00f6st werden.<\/p>\n<div class=\"row\"><div class=\"col-md-6\">\n<h4 style=\"text-align: center\"><a href=\"https:\/\/www.fussl.shop\/geschenkkarte\/produkt-kategorie\/giftcards\/\">Geschenkkarten Motive<\/a><\/h4>\n<p><a href=\"https:\/\/www.fussl.shop\/geschenkkarte\/produkt-kategorie\/giftcards\/\"><img loading=\"lazy\" decoding=\"async\" class=\"aligncenter wp-image-2558\" src=\"https:\/\/www.fussl.shop\/geschenkkarte\/wp-content\/uploads\/2021\/11\/geschenkkarten_mix_schatten-233x300.png\" alt=\"\" width=\"194\" height=\"250\" srcset=\"https:\/\/www.fussl.shop\/geschenkkarte\/wp-content\/uploads\/2021\/11\/geschenkkarten_mix_schatten-233x300.png 233w, https:\/\/www.fussl.shop\/geschenkkarte\/wp-content\/uploads\/2021\/11\/geschenkkarten_mix_schatten.png 620w\" sizes=\"(max-width: 194px) 100vw, 194px\" \/><\/a><\/p>\n<\/div>\n<div class=\"col-md-6\">\n<h4 style=\"text-align: center\"><a href=\"https:\/\/www.fussl.shop\/geschenkkarte\/produkt\/individuelle-geschenkkarte\/\">Geschenkkarten designen<\/a><\/h4>\n<p><a href=\"https:\/\/www.fussl.shop\/geschenkkarte\/produkt\/individuelle-geschenkkarte\/\"><img loading=\"lazy\" decoding=\"async\" class=\"aligncenter wp-image-172\" src=\"http:\/\/www.fussl.shop\/geschenkkarte\/wp-content\/uploads\/2016\/12\/giftcard_ind-233x300.png\" alt=\"giftcard_ind\" width=\"194\" height=\"250\" srcset=\"https:\/\/www.fussl.shop\/geschenkkarte\/wp-content\/uploads\/2016\/12\/giftcard_ind-233x300.png 233w, https:\/\/www.fussl.shop\/geschenkkarte\/wp-content\/uploads\/2016\/12\/giftcard_ind.png 620w\" sizes=\"(max-width: 194px) 100vw, 194px\" \/><\/a><\/p>\n<p style=\"text-align: left\"><strong>So einfach funktioniert der Geschenkkarten-Designer:\u00a0<\/strong><\/p>\n<ul style=\"text-align: left\">\n<li>Bilddatei hochladen<\/li>\n<li>Text einf\u00fcgen<\/li>\n<li>Elemente aus vorhandenen Designs hinzuf\u00fcgen<\/li>\n<li>St\u00fcckzahl und Betrag w\u00e4hlen<\/li>\n<\/ul>\n<p style=\"text-align: left\">Eine Videoanleitung finden Sie <a href=\"https:\/\/www.fussl.shop\/geschenkkarte\/videoanleitung-geschenkkarten-designer\/\">hier<\/a><\/p>\n<\/div><\/div>\n\n\n<p><\/p>\n","protected":false},"excerpt":{"rendered":"<p>Schenken Sie Freude mit der FUSSL GESCHENKKARTE Schenken war noch nie so einfach! Sie k\u00f6nnen aus unseren Motiven w\u00e4hlen oder ganz einfach Ihre pers\u00f6nliche Geschenkkarte designen. Gutscheinbetrag w\u00e4hlbar zwischen 20\u20ac und 500\u20ac. Sie erhalten Ihre Bestellung innerhalb 3-4 Werktagen nach &hellip; <a href=\"https:\/\/www.fussl.shop\/geschenkkarte\/\">Weiter<\/a><\/p>\n","protected":false},"author":1,"featured_media":0,"parent":0,"menu_order":0,"comment_status":"closed","ping_status":"closed","template":"","meta":{"kt_blocks_editor_width":"","footnotes":""},"_links":{"self":[{"href":"https:\/\/www.fussl.shop\/geschenkkarte\/wp-json\/wp\/v2\/pages\/60"}],"collection":[{"href":"https:\/\/www.fussl.shop\/geschenkkarte\/wp-json\/wp\/v2\/pages"}],"about":[{"href":"https:\/\/www.fussl.shop\/geschenkkarte\/wp-json\/wp\/v2\/types\/page"}],"author":[{"embeddable":true,"href":"https:\/\/www.fussl.shop\/geschenkkarte\/wp-json\/wp\/v2\/users\/1"}],"replies":[{"embeddable":true,"href":"https:\/\/www.fussl.shop\/geschenkkarte\/wp-json\/wp\/v2\/comments?post=60"}],"version-history":[{"count":58,"href":"https:\/\/www.fussl.shop\/geschenkkarte\/wp-json\/wp\/v2\/pages\/60\/revisions"}],"predecessor-version":[{"id":5820,"href":"https:\/\/www.fussl.shop\/geschenkkarte\/wp-json\/wp\/v2\/pages\/60\/revisions\/5820"}],"wp:attachment":[{"href":"https:\/\/www.fussl.shop\/geschenkkarte\/wp-json\/wp\/v2\/media?parent=60"}],"curies":[{"name":"wp","href":"https:\/\/api.w.org\/{rel}","templated":true}]}}